{"id":1010,"date":"2026-02-23T10:05:39","date_gmt":"2026-02-23T09:05:39","guid":{"rendered":"https:\/\/lafabriqueavoyages62.com\/?page_id=1010"},"modified":"2026-02-23T11:06:26","modified_gmt":"2026-02-23T10:06:26","slug":"mentions-legales","status":"publish","type":"page","link":"https:\/\/lafabriqueavoyages62.com\/index.php\/mentions-legales\/","title":{"rendered":"Mentions L\u00e9gales"},"content":{"rendered":"[vc_row type=\u00a0\u00bbin_container\u00a0\u00bb full_screen_row_position=\u00a0\u00bbmiddle\u00a0\u00bb column_margin=\u00a0\u00bbdefault\u00a0\u00bb column_direction=\u00a0\u00bbdefault\u00a0\u00bb column_direction_tablet=\u00a0\u00bbdefault\u00a0\u00bb column_direction_phone=\u00a0\u00bbdefault\u00a0\u00bb scene_position=\u00a0\u00bbcenter\u00a0\u00bb text_color=\u00a0\u00bbdark\u00a0\u00bb text_align=\u00a0\u00bbleft\u00a0\u00bb row_border_radius=\u00a0\u00bbnone\u00a0\u00bb row_border_radius_applies=\u00a0\u00bbbg\u00a0\u00bb row_position_desktop=\u00a0\u00bbdefault\u00a0\u00bb row_position_tablet=\u00a0\u00bbinherit\u00a0\u00bb row_position_phone=\u00a0\u00bbinherit\u00a0\u00bb overflow=\u00a0\u00bbvisible\u00a0\u00bb overlay_strength=\u00a0\u00bb0.3&Prime; gradient_direction=\u00a0\u00bbleft_to_right\u00a0\u00bb shape_divider_position=\u00a0\u00bbbottom\u00a0\u00bb bg_image_animation=\u00a0\u00bbnone\u00a0\u00bb][vc_column column_padding=\u00a0\u00bbno-extra-padding\u00a0\u00bb column_padding_tablet=\u00a0\u00bbinherit\u00a0\u00bb column_padding_phone=\u00a0\u00bbinherit\u00a0\u00bb column_padding_position=\u00a0\u00bball\u00a0\u00bb flex_gap_desktop=\u00a0\u00bb10px\u00a0\u00bb column_element_direction_desktop=\u00a0\u00bbdefault\u00a0\u00bb column_element_spacing=\u00a0\u00bbdefault\u00a0\u00bb desktop_text_alignment=\u00a0\u00bbdefault\u00a0\u00bb tablet_text_alignment=\u00a0\u00bbdefault\u00a0\u00bb phone_text_alignment=\u00a0\u00bbdefault\u00a0\u00bb background_color_opacity=\u00a0\u00bb1&Prime; background_hover_color_opacity=\u00a0\u00bb1&Prime; column_backdrop_filter=\u00a0\u00bbnone\u00a0\u00bb column_shadow=\u00a0\u00bbnone\u00a0\u00bb column_border_radius=\u00a0\u00bbnone\u00a0\u00bb column_link_target=\u00a0\u00bb_self\u00a0\u00bb column_position=\u00a0\u00bbdefault\u00a0\u00bb gradient_direction=\u00a0\u00bbleft_to_right\u00a0\u00bb overlay_strength=\u00a0\u00bb0.3&Prime; width=\u00a0\u00bb1\/1&Prime; tablet_width_inherit=\u00a0\u00bbdefault\u00a0\u00bb animation_type=\u00a0\u00bbdefault\u00a0\u00bb bg_image_animation=\u00a0\u00bbnone\u00a0\u00bb border_type=\u00a0\u00bbsimple\u00a0\u00bb column_border_width=\u00a0\u00bbnone\u00a0\u00bb column_border_style=\u00a0\u00bbsolid\u00a0\u00bb][nectar_highlighted_text color_type=\u00a0\u00bbregular\u00a0\u00bb style=\u00a0\u00bbfull_text\u00a0\u00bb highlight_expansion=\u00a0\u00bbdefault\u00a0\u00bb text_direction=\u00a0\u00bbdefault\u00a0\u00bb]\n<h1 style=\"text-align: center;\">Mentions L\u00e9gales<\/h1>\n[\/nectar_highlighted_text][\/vc_column][\/vc_row][vc_row type=\u00a0\u00bbin_container\u00a0\u00bb full_screen_row_position=\u00a0\u00bbmiddle\u00a0\u00bb column_margin=\u00a0\u00bbdefault\u00a0\u00bb column_direction=\u00a0\u00bbdefault\u00a0\u00bb column_direction_tablet=\u00a0\u00bbdefault\u00a0\u00bb column_direction_phone=\u00a0\u00bbdefault\u00a0\u00bb scene_position=\u00a0\u00bbcenter\u00a0\u00bb text_color=\u00a0\u00bbdark\u00a0\u00bb text_align=\u00a0\u00bbleft\u00a0\u00bb row_border_radius=\u00a0\u00bbnone\u00a0\u00bb row_border_radius_applies=\u00a0\u00bbbg\u00a0\u00bb row_position_desktop=\u00a0\u00bbdefault\u00a0\u00bb row_position_tablet=\u00a0\u00bbinherit\u00a0\u00bb row_position_phone=\u00a0\u00bbinherit\u00a0\u00bb overflow=\u00a0\u00bbvisible\u00a0\u00bb overlay_strength=\u00a0\u00bb0.3&Prime; gradient_direction=\u00a0\u00bbleft_to_right\u00a0\u00bb shape_divider_position=\u00a0\u00bbbottom\u00a0\u00bb bg_image_animation=\u00a0\u00bbnone\u00a0\u00bb][vc_column column_padding=\u00a0\u00bbno-extra-padding\u00a0\u00bb column_padding_tablet=\u00a0\u00bbinherit\u00a0\u00bb column_padding_phone=\u00a0\u00bbinherit\u00a0\u00bb column_padding_position=\u00a0\u00bball\u00a0\u00bb flex_gap_desktop=\u00a0\u00bb10px\u00a0\u00bb column_element_direction_desktop=\u00a0\u00bbdefault\u00a0\u00bb column_element_spacing=\u00a0\u00bbdefault\u00a0\u00bb desktop_text_alignment=\u00a0\u00bbdefault\u00a0\u00bb tablet_text_alignment=\u00a0\u00bbdefault\u00a0\u00bb phone_text_alignment=\u00a0\u00bbdefault\u00a0\u00bb background_color_opacity=\u00a0\u00bb1&Prime; background_hover_color_opacity=\u00a0\u00bb1&Prime; column_backdrop_filter=\u00a0\u00bbnone\u00a0\u00bb column_shadow=\u00a0\u00bbnone\u00a0\u00bb column_border_radius=\u00a0\u00bbnone\u00a0\u00bb column_link_target=\u00a0\u00bb_self\u00a0\u00bb column_position=\u00a0\u00bbdefault\u00a0\u00bb gradient_direction=\u00a0\u00bbleft_to_right\u00a0\u00bb overlay_strength=\u00a0\u00bb0.3&Prime; width=\u00a0\u00bb1\/1&Prime; tablet_width_inherit=\u00a0\u00bbdefault\u00a0\u00bb animation_type=\u00a0\u00bbdefault\u00a0\u00bb bg_image_animation=\u00a0\u00bbnone\u00a0\u00bb border_type=\u00a0\u00bbsimple\u00a0\u00bb column_border_width=\u00a0\u00bbnone\u00a0\u00bb column_border_style=\u00a0\u00bbsolid\u00a0\u00bb][nectar_highlighted_text color_type=\u00a0\u00bbregular\u00a0\u00bb style=\u00a0\u00bbfull_text\u00a0\u00bb highlight_expansion=\u00a0\u00bbdefault\u00a0\u00bb text_direction=\u00a0\u00bbdefault\u00a0\u00bb]\n<h2 class=\"wp-block-heading\">Directeur de la publication<\/h2>\n<p><strong>LFV<\/strong><\/p>\n<p>Si\u00e8ge social : 6 IMPASSE DE L&rsquo;EGLISE, 62130 BERMICOURT<br \/>\nT\u00e9l\u00e9phone : 06.78.28.28.85<br \/>\nMail : lafabriqueavoyages62@gmail.com<\/p>\n<p>N\u00b0 SIREN : 909938672<br \/>\nN\u00b0 SIRET : 90993867200013<br \/>\nN\u00b0 TVA Intracommunautaire : FR27909938672<\/p>\n<h2 class=\"wp-block-heading\"><span style=\"font-size: 14pt;\"><strong>Conception du site internet<\/strong> : Malou Communication \u2013 <a href=\"https:\/\/malou-communication.fr\">https:\/\/malou-communication.fr<\/a> &#8211; <a href=\"mailto:contact@malou-communication.fr\">contact@malou-communication.fr<\/a><\/span><\/h2>\n<h2 class=\"wp-block-heading\">H\u00e9bergement<\/h2>\n<p>IONOS SARL<br \/>\n7, place de la Gare<br \/>\nBP 70109<br \/>\n57200 Sarreguemines<\/p>\n<h2 class=\"wp-block-heading\">Clause de non responsabilit\u00e9<\/h2>\n<h3 class=\"wp-block-heading\">Renvois et liens<\/h3>\n<p>En ce qui concerne les renvois directs ou indirects (\u00ab liens \u00bb) vers des pages Internet tierces situ\u00e9es hors du domaine de responsabilit\u00e9 de LFV, la responsabilit\u00e9 de celle-ci ne pourrait \u00eatre engag\u00e9e que si elle avait connaissance de leur contenu et s\u2019il lui \u00e9tait techniquement possible d\u2019emp\u00eacher leur utilisation en cas d\u2019informations illicites.<\/p>\n<p>LFV d\u00e9clare express\u00e9ment que les pages reli\u00e9es aux liens indiqu\u00e9s ne contenaient pas d\u2019informations ill\u00e9gales au moment de leur insertion. Par ailleurs, LFV n\u2019a aucune influence sur l\u2019\u00e9volution actuelle et future, ni sur les contenus des pages reli\u00e9es aux liens. C\u2019est pourquoi elle se distance explicitement du contenu de toutes les pages reli\u00e9es qui ont fait l\u2019objet de modifications apr\u00e8s la mise en place des liens. Cette d\u00e9claration s\u2019applique \u00e0 tous les renvois et tous les liens indiqu\u00e9s dans le cadre de son offre sur Internet.<\/p>\n<p>En cas de contenu ill\u00e9gal, erron\u00e9 ou incomplet et notamment en cas de dommages r\u00e9sultant de l\u2019exploitation ou de la non exploitation de ce type d\u2019informations, seul l\u2019auteur de la page \u00e0 laquelle conduit le renvoi est responsable, et non la personne qui a uniquement renvoy\u00e9 \u00e0 la publication correspondante.<\/p>\n<h2 class=\"wp-block-heading\">Droits d\u2019auteur et de marque<\/h2>\n<p>LFV s\u2019efforce de respecter tous les droits d\u2019auteur des graphiques, documents audio, s\u00e9quences vid\u00e9o et textes utilis\u00e9s dans ses publications, d\u2019utiliser ses propres m\u00e9dias ou d\u2019avoir recours \u00e0 des \u00e9l\u00e9ments libres de droits.<\/p>\n<p>Toutes les marques cit\u00e9es dans le cadre de l\u2019offre Internet, \u00e9ventuellement prot\u00e9g\u00e9es par des tiers, sont soumises \u00e0 la l\u00e9gislation en vigueur sur les droits de marque ainsi qu\u2019aux droits de propri\u00e9t\u00e9 du propri\u00e9taire enregistr\u00e9.<\/p>\n<p>L\u2019auteur des pages d\u00e9tient les droits d\u2019auteur des contenus publi\u00e9s qu\u2019il a lui-m\u00eame cr\u00e9\u00e9s. Toute reproduction ou utilisation de ces contenus dans d\u2019autres publications \u00e9lectroniques ou imprim\u00e9es est strictement interdite sans l\u2019autorisation expresse de LFV.<\/p>\n<h2 class=\"wp-block-heading\">Contenu de l\u2019offre en ligne<\/h2>\n<p>LFV n\u2019assure aucune garantie quant \u00e0 l\u2019actualit\u00e9, l\u2019exactitude, l\u2019int\u00e9gralit\u00e9 ou la qualit\u00e9 des informations mises \u00e0 disposition.<\/p>\n<p>Tous recours imputant la responsabilit\u00e9 de LFV et ayant trait \u00e0 des dommages de nature mat\u00e9rielle ou morale dus \u00e0 l\u2019utilisation ou \u00e0 la non utilisation des informations pr\u00e9sent\u00e9es, ou \u00e0 l\u2019exploitation de donn\u00e9es erron\u00e9es ou incompl\u00e8tes, sont exclus sauf en cas de faute intentionnelle ou de n\u00e9gligence av\u00e9r\u00e9e.<\/p>\n<p>Toutes les offres n\u2019engagent aucunement la responsabilit\u00e9 de LFV. L\u2019entreprise se r\u00e9serve express\u00e9ment le droit de modifier, compl\u00e9ter ou supprimer certaines parties du site ou l\u2019offre enti\u00e8re, ou encore de suspendre temporairement ou d\u00e9finitivement la publication, sans avis pr\u00e9alable.<\/p>\n<h2 class=\"wp-block-heading\">Validit\u00e9 de la clause de non responsabilit\u00e9<\/h2>\n<p>Cette clause de non responsabilit\u00e9 fait partie int\u00e9grante de l\u2019offre Internet depuis laquelle vous avez acc\u00e9d\u00e9 \u00e0 cette page.<br \/>\nSi certaines parties ou formulations de ce texte ne sont pas conformes \u00e0 la l\u00e9gislation en vigueur, le contenu et la validit\u00e9 des autres parties du document n\u2019en sont pas affect\u00e9s.<\/p>\n<p>Toutes les photos pr\u00e9sent\u00e9es sur ce site sont non contractuelles.<\/p>\n<p>Ce site est prot\u00e9g\u00e9 par reCAPTCHA et Google&nbsp;<a href=\"https:\/\/policies.google.com\/privacy\">Politique de confidentialit\u00e9<\/a>&nbsp;et&nbsp;<a href=\"https:\/\/policies.google.com\/terms\">Conditions d\u2019utilisation<\/a>.[\/nectar_highlighted_text][\/vc_column][\/vc_row]\n","protected":false},"excerpt":{"rendered":"<p>[vc_row type=\u00a0\u00bbin_container\u00a0\u00bb full_screen_row_position=\u00a0\u00bbmiddle\u00a0\u00bb column_margin=\u00a0\u00bbdefault\u00a0\u00bb column_direction=\u00a0\u00bbdefault\u00a0\u00bb column_direction_tablet=\u00a0\u00bbdefault\u00a0\u00bb column_direction_phone=\u00a0\u00bbdefault\u00a0\u00bb scene_position=\u00a0\u00bbcenter\u00a0\u00bb text_color=\u00a0\u00bbdark\u00a0\u00bb text_align=\u00a0\u00bbleft\u00a0\u00bb row_border_radius=\u00a0\u00bbnone\u00a0\u00bb row_border_radius_applies=\u00a0\u00bbbg\u00a0\u00bb row_position_desktop=\u00a0\u00bbdefault\u00a0\u00bb row_position_tablet=\u00a0\u00bbinherit\u00a0\u00bb row_position_phone=\u00a0\u00bbinherit\u00a0\u00bb overflow=\u00a0\u00bbvisible\u00a0\u00bb overlay_strength=\u00a0\u00bb0.3&Prime; gradient_direction=\u00a0\u00bbleft_to_right\u00a0\u00bb shape_divider_position=\u00a0\u00bbbottom\u00a0\u00bb bg_image_animation=\u00a0\u00bbnone\u00a0\u00bb][vc_column column_padding=\u00a0\u00bbno-extra-padding\u00a0\u00bb column_padding_tablet=\u00a0\u00bbinherit\u00a0\u00bb column_padding_phone=\u00a0\u00bbinherit\u00a0\u00bb column_padding_position=\u00a0\u00bball\u00a0\u00bb flex_gap_desktop=\u00a0\u00bb10px\u00a0\u00bb column_element_direction_desktop=\u00a0\u00bbdefault\u00a0\u00bb column_element_spacing=\u00a0\u00bbdefault\u00a0\u00bb desktop_text_alignment=\u00a0\u00bbdefault\u00a0\u00bb tablet_text_alignment=\u00a0\u00bbdefault\u00a0\u00bb phone_text_alignment=\u00a0\u00bbdefault\u00a0\u00bb&#8230;<\/p>\n","protected":false},"author":1,"featured_media":0,"parent":0,"menu_order":0,"comment_status":"closed","ping_status":"closed","template":"","meta":{"footnotes":""},"class_list":["post-1010","page","type-page","status-publish"],"_links":{"self":[{"href":"https:\/\/lafabriqueavoyages62.com\/index.php\/wp-json\/wp\/v2\/pages\/1010","targetHints":{"allow":["GET"]}}],"collection":[{"href":"https:\/\/lafabriqueavoyages62.com\/index.php\/wp-json\/wp\/v2\/pages"}],"about":[{"href":"https:\/\/lafabriqueavoyages62.com\/index.php\/wp-json\/wp\/v2\/types\/page"}],"author":[{"embeddable":true,"href":"https:\/\/lafabriqueavoyages62.com\/index.php\/wp-json\/wp\/v2\/users\/1"}],"replies":[{"embeddable":true,"href":"https:\/\/lafabriqueavoyages62.com\/index.php\/wp-json\/wp\/v2\/comments?post=1010"}],"version-history":[{"count":3,"href":"https:\/\/lafabriqueavoyages62.com\/index.php\/wp-json\/wp\/v2\/pages\/1010\/revisions"}],"predecessor-version":[{"id":1013,"href":"https:\/\/lafabriqueavoyages62.com\/index.php\/wp-json\/wp\/v2\/pages\/1010\/revisions\/1013"}],"wp:attachment":[{"href":"https:\/\/lafabriqueavoyages62.com\/index.php\/wp-json\/wp\/v2\/media?parent=1010"}],"curies":[{"name":"wp","href":"https:\/\/api.w.org\/{rel}","templated":true}]}}